{"id":831,"date":"2022-03-23T19:41:42","date_gmt":"2022-03-23T19:41:42","guid":{"rendered":"https:\/\/new.alaida-urnas.es\/?post_type=product&#038;p=831"},"modified":"2025-08-30T06:52:23","modified_gmt":"2025-08-30T06:52:23","slug":"meda","status":"publish","type":"product","link":"https:\/\/alaida-urnas.es\/de\/producto\/meda\/","title":{"rendered":"Meda"},"content":{"rendered":"<p>Pieza de l\u00edneas simples y limpias, para los amantes de la discreci\u00f3n, sin concesiones est\u00e9ticas, priorizando las acciones y usos al objeto. Tiene una versi\u00f3n peque\u00f1a de capacidad de 0.8 litros<\/p>\n<ul>\n<li>ALTO: 20 cm<\/li>\n<li>DIAMETRO: 18 cm<\/li>\n<li>3 litros<\/li>\n<\/ul>\n","protected":false},"excerpt":{"rendered":"<p>Pieza de l\u00edneas simples y limpias, para los amantes de la discreci\u00f3n, sin concesiones est\u00e9ticas, priorizando las acciones y usos al objeto. Tiene una versi\u00f3n peque\u00f1a de capacidad de 0.8 litros<\/p>\n","protected":false},"featured_media":689,"comment_status":"open","ping_status":"closed","template":"","meta":[],"product_brand":[],"product_cat":[42],"product_tag":[],"class_list":{"0":"post-831","1":"product","2":"type-product","3":"status-publish","4":"has-post-thumbnail","6":"product_cat-sin-categorizar","8":"first","9":"instock","10":"shipping-taxable","11":"purchasable","12":"product-type-variable"},"yoast_head":"<!-- This site is optimized with the Yoast SEO plugin v27.3 - https:\/\/yoast.com\/product\/yoast-seo-wordpress\/ -->\n<title>Meda - My CMS<\/title>\n<meta name=\"description\" content=\"Pieza de l\u00edneas simples y limpias, para los amantes de la discreci\u00f3n, sin concesiones est\u00e9ticas, priorizando las acciones y usos al objeto.\" \/>\n<meta name=\"robots\" content=\"index, follow, max-snippet:-1, max-image-preview:large, max-video-preview:-1\" \/>\n<link rel=\"canonical\" href=\"https:\/\/alaida-urnas.es\/de\/producto\/meda\/\" \/>\n<meta property=\"og:locale\" content=\"de_DE\" \/>\n<meta property=\"og:type\" content=\"article\" \/>\n<meta property=\"og:title\" content=\"Meda - My CMS\" \/>\n<meta property=\"og:description\" content=\"Pieza de l\u00edneas simples y limpias, para los amantes de la discreci\u00f3n, sin concesiones est\u00e9ticas, priorizando las acciones y usos al objeto.\" \/>\n<meta property=\"og:url\" content=\"https:\/\/alaida-urnas.es\/de\/producto\/meda\/\" \/>\n<meta property=\"og:site_name\" content=\"My CMS\" \/>\n<meta property=\"article:modified_time\" content=\"2025-08-30T06:52:23+00:00\" \/>\n<meta property=\"og:image\" content=\"https:\/\/alaida-urnas.es\/wp-content\/uploads\/2022\/03\/MEDA-NATURE-MATT.png\" \/>\n\t<meta property=\"og:image:width\" content=\"1080\" \/>\n\t<meta property=\"og:image:height\" content=\"1080\" \/>\n\t<meta property=\"og:image:type\" content=\"image\/png\" \/>\n<meta name=\"twitter:card\" content=\"summary_large_image\" \/>\n<meta name=\"twitter:label1\" content=\"Gesch\u00e4tzte Lesezeit\" \/>\n\t<meta name=\"twitter:data1\" content=\"1\u00a0Minute\" \/>\n<script type=\"application\/ld+json\" class=\"yoast-schema-graph\">{\"@context\":\"https:\\\/\\\/schema.org\",\"@graph\":[{\"@type\":\"WebPage\",\"@id\":\"https:\\\/\\\/alaida-urnas.es\\\/de\\\/producto\\\/meda\\\/\",\"url\":\"https:\\\/\\\/alaida-urnas.es\\\/de\\\/producto\\\/meda\\\/\",\"name\":\"Meda - My CMS\",\"isPartOf\":{\"@id\":\"https:\\\/\\\/alaida-urnas.es\\\/de\\\/#website\"},\"primaryImageOfPage\":{\"@id\":\"https:\\\/\\\/alaida-urnas.es\\\/de\\\/producto\\\/meda\\\/#primaryimage\"},\"image\":{\"@id\":\"https:\\\/\\\/alaida-urnas.es\\\/de\\\/producto\\\/meda\\\/#primaryimage\"},\"thumbnailUrl\":\"https:\\\/\\\/alaida-urnas.es\\\/wp-content\\\/uploads\\\/2022\\\/03\\\/MEDA-NATURE-MATT.png\",\"datePublished\":\"2022-03-23T19:41:42+00:00\",\"dateModified\":\"2025-08-30T06:52:23+00:00\",\"description\":\"Pieza de l\u00edneas simples y limpias, para los amantes de la discreci\u00f3n, sin concesiones est\u00e9ticas, priorizando las acciones y usos al objeto.\",\"breadcrumb\":{\"@id\":\"https:\\\/\\\/alaida-urnas.es\\\/de\\\/producto\\\/meda\\\/#breadcrumb\"},\"inLanguage\":\"de\",\"potentialAction\":[{\"@type\":\"ReadAction\",\"target\":[\"https:\\\/\\\/alaida-urnas.es\\\/de\\\/producto\\\/meda\\\/\"]}]},{\"@type\":\"ImageObject\",\"inLanguage\":\"de\",\"@id\":\"https:\\\/\\\/alaida-urnas.es\\\/de\\\/producto\\\/meda\\\/#primaryimage\",\"url\":\"https:\\\/\\\/alaida-urnas.es\\\/wp-content\\\/uploads\\\/2022\\\/03\\\/MEDA-NATURE-MATT.png\",\"contentUrl\":\"https:\\\/\\\/alaida-urnas.es\\\/wp-content\\\/uploads\\\/2022\\\/03\\\/MEDA-NATURE-MATT.png\",\"width\":1080,\"height\":1080},{\"@type\":\"BreadcrumbList\",\"@id\":\"https:\\\/\\\/alaida-urnas.es\\\/de\\\/producto\\\/meda\\\/#breadcrumb\",\"itemListElement\":[{\"@type\":\"ListItem\",\"position\":1,\"name\":\"Home\",\"item\":\"https:\\\/\\\/alaida-urnas.es\\\/de\\\/home\\\/\"},{\"@type\":\"ListItem\",\"position\":2,\"name\":\"Tienda\",\"item\":\"https:\\\/\\\/alaida-urnas.es\\\/tienda\\\/\"},{\"@type\":\"ListItem\",\"position\":3,\"name\":\"Meda\"}]},{\"@type\":\"WebSite\",\"@id\":\"https:\\\/\\\/alaida-urnas.es\\\/de\\\/#website\",\"url\":\"https:\\\/\\\/alaida-urnas.es\\\/de\\\/\",\"name\":\"My CMS\",\"description\":\"Tanto la vida como la muerte son partes de un mismo ciclo,  de un trayecto vital en busca de equilibrio natural.\",\"publisher\":{\"@id\":\"https:\\\/\\\/alaida-urnas.es\\\/de\\\/#organization\"},\"potentialAction\":[{\"@type\":\"SearchAction\",\"target\":{\"@type\":\"EntryPoint\",\"urlTemplate\":\"https:\\\/\\\/alaida-urnas.es\\\/de\\\/?s={search_term_string}\"},\"query-input\":{\"@type\":\"PropertyValueSpecification\",\"valueRequired\":true,\"valueName\":\"search_term_string\"}}],\"inLanguage\":\"de\"},{\"@type\":\"Organization\",\"@id\":\"https:\\\/\\\/alaida-urnas.es\\\/de\\\/#organization\",\"name\":\"Alaida, legado natural\",\"url\":\"https:\\\/\\\/alaida-urnas.es\\\/de\\\/\",\"logo\":{\"@type\":\"ImageObject\",\"inLanguage\":\"de\",\"@id\":\"https:\\\/\\\/alaida-urnas.es\\\/de\\\/#\\\/schema\\\/logo\\\/image\\\/\",\"url\":\"https:\\\/\\\/alaida-urnas.es\\\/wp-content\\\/uploads\\\/2022\\\/03\\\/alaida_logo.png\",\"contentUrl\":\"https:\\\/\\\/alaida-urnas.es\\\/wp-content\\\/uploads\\\/2022\\\/03\\\/alaida_logo.png\",\"width\":841,\"height\":385,\"caption\":\"Alaida, legado natural\"},\"image\":{\"@id\":\"https:\\\/\\\/alaida-urnas.es\\\/de\\\/#\\\/schema\\\/logo\\\/image\\\/\"}}]}<\/script>\n<!-- \/ Yoast SEO plugin. -->","yoast_head_json":{"title":"Meda - My CMS","description":"Pieza de l\u00edneas simples y limpias, para los amantes de la discreci\u00f3n, sin concesiones est\u00e9ticas, priorizando las acciones y usos al objeto.","robots":{"index":"index","follow":"follow","max-snippet":"max-snippet:-1","max-image-preview":"max-image-preview:large","max-video-preview":"max-video-preview:-1"},"canonical":"https:\/\/alaida-urnas.es\/de\/producto\/meda\/","og_locale":"de_DE","og_type":"article","og_title":"Meda - My CMS","og_description":"Pieza de l\u00edneas simples y limpias, para los amantes de la discreci\u00f3n, sin concesiones est\u00e9ticas, priorizando las acciones y usos al objeto.","og_url":"https:\/\/alaida-urnas.es\/de\/producto\/meda\/","og_site_name":"My CMS","article_modified_time":"2025-08-30T06:52:23+00:00","og_image":[{"width":1080,"height":1080,"url":"https:\/\/alaida-urnas.es\/wp-content\/uploads\/2022\/03\/MEDA-NATURE-MATT.png","type":"image\/png"}],"twitter_card":"summary_large_image","twitter_misc":{"Gesch\u00e4tzte Lesezeit":"1\u00a0Minute"},"schema":{"@context":"https:\/\/schema.org","@graph":[{"@type":"WebPage","@id":"https:\/\/alaida-urnas.es\/de\/producto\/meda\/","url":"https:\/\/alaida-urnas.es\/de\/producto\/meda\/","name":"Meda - My CMS","isPartOf":{"@id":"https:\/\/alaida-urnas.es\/de\/#website"},"primaryImageOfPage":{"@id":"https:\/\/alaida-urnas.es\/de\/producto\/meda\/#primaryimage"},"image":{"@id":"https:\/\/alaida-urnas.es\/de\/producto\/meda\/#primaryimage"},"thumbnailUrl":"https:\/\/alaida-urnas.es\/wp-content\/uploads\/2022\/03\/MEDA-NATURE-MATT.png","datePublished":"2022-03-23T19:41:42+00:00","dateModified":"2025-08-30T06:52:23+00:00","description":"Pieza de l\u00edneas simples y limpias, para los amantes de la discreci\u00f3n, sin concesiones est\u00e9ticas, priorizando las acciones y usos al objeto.","breadcrumb":{"@id":"https:\/\/alaida-urnas.es\/de\/producto\/meda\/#breadcrumb"},"inLanguage":"de","potentialAction":[{"@type":"ReadAction","target":["https:\/\/alaida-urnas.es\/de\/producto\/meda\/"]}]},{"@type":"ImageObject","inLanguage":"de","@id":"https:\/\/alaida-urnas.es\/de\/producto\/meda\/#primaryimage","url":"https:\/\/alaida-urnas.es\/wp-content\/uploads\/2022\/03\/MEDA-NATURE-MATT.png","contentUrl":"https:\/\/alaida-urnas.es\/wp-content\/uploads\/2022\/03\/MEDA-NATURE-MATT.png","width":1080,"height":1080},{"@type":"BreadcrumbList","@id":"https:\/\/alaida-urnas.es\/de\/producto\/meda\/#breadcrumb","itemListElement":[{"@type":"ListItem","position":1,"name":"Home","item":"https:\/\/alaida-urnas.es\/de\/home\/"},{"@type":"ListItem","position":2,"name":"Tienda","item":"https:\/\/alaida-urnas.es\/tienda\/"},{"@type":"ListItem","position":3,"name":"Meda"}]},{"@type":"WebSite","@id":"https:\/\/alaida-urnas.es\/de\/#website","url":"https:\/\/alaida-urnas.es\/de\/","name":"My CMS","description":"Tanto la vida como la muerte son partes de un mismo ciclo,  de un trayecto vital en busca de equilibrio natural.","publisher":{"@id":"https:\/\/alaida-urnas.es\/de\/#organization"},"potentialAction":[{"@type":"SearchAction","target":{"@type":"EntryPoint","urlTemplate":"https:\/\/alaida-urnas.es\/de\/?s={search_term_string}"},"query-input":{"@type":"PropertyValueSpecification","valueRequired":true,"valueName":"search_term_string"}}],"inLanguage":"de"},{"@type":"Organization","@id":"https:\/\/alaida-urnas.es\/de\/#organization","name":"Alaida, legado natural","url":"https:\/\/alaida-urnas.es\/de\/","logo":{"@type":"ImageObject","inLanguage":"de","@id":"https:\/\/alaida-urnas.es\/de\/#\/schema\/logo\/image\/","url":"https:\/\/alaida-urnas.es\/wp-content\/uploads\/2022\/03\/alaida_logo.png","contentUrl":"https:\/\/alaida-urnas.es\/wp-content\/uploads\/2022\/03\/alaida_logo.png","width":841,"height":385,"caption":"Alaida, legado natural"},"image":{"@id":"https:\/\/alaida-urnas.es\/de\/#\/schema\/logo\/image\/"}}]}},"_links":{"self":[{"href":"https:\/\/alaida-urnas.es\/de\/wp-json\/wp\/v2\/product\/831","targetHints":{"allow":["GET"]}}],"collection":[{"href":"https:\/\/alaida-urnas.es\/de\/wp-json\/wp\/v2\/product"}],"about":[{"href":"https:\/\/alaida-urnas.es\/de\/wp-json\/wp\/v2\/types\/product"}],"replies":[{"embeddable":true,"href":"https:\/\/alaida-urnas.es\/de\/wp-json\/wp\/v2\/comments?post=831"}],"wp:featuredmedia":[{"embeddable":true,"href":"https:\/\/alaida-urnas.es\/de\/wp-json\/wp\/v2\/media\/689"}],"wp:attachment":[{"href":"https:\/\/alaida-urnas.es\/de\/wp-json\/wp\/v2\/media?parent=831"}],"wp:term":[{"taxonomy":"product_brand","embeddable":true,"href":"https:\/\/alaida-urnas.es\/de\/wp-json\/wp\/v2\/product_brand?post=831"},{"taxonomy":"product_cat","embeddable":true,"href":"https:\/\/alaida-urnas.es\/de\/wp-json\/wp\/v2\/product_cat?post=831"},{"taxonomy":"product_tag","embeddable":true,"href":"https:\/\/alaida-urnas.es\/de\/wp-json\/wp\/v2\/product_tag?post=831"}],"curies":[{"name":"wp","href":"https:\/\/api.w.org\/{rel}","templated":true}]}}