{"id":967,"date":"2016-05-23T10:30:24","date_gmt":"2016-05-23T10:30:24","guid":{"rendered":"https:\/\/new.alaida-urnas.es\/?page_id=967"},"modified":"2024-03-27T13:45:58","modified_gmt":"2024-03-27T13:45:58","slug":"contact","status":"publish","type":"page","link":"https:\/\/alaida-urnas.es\/fr\/contact\/","title":{"rendered":"Contact"},"content":{"rendered":"<div id='welcome'  class='av-layout-grid-container av-5heefz-8a782fab6a67571e6b1eac09ac490fb2 entry-content-wrapper main_color av-fixed-cells  avia-builder-el-0  el_before_av_google_map  avia-builder-el-first   container_wrap sidebar_right'  >\n\n<style type=\"text\/css\" data-created_by=\"avia_inline_auto\" id=\"style-css-av-5f88ef-ddbbe0e7881f3e8a437d0840854b2755\">\n.flex_cell.av-5f88ef-ddbbe0e7881f3e8a437d0840854b2755{\nvertical-align:top;\nheight:15px;\nmin-height:15px;\nbackground-color:#2a4152;\n}\n.responsive #top #wrap_all .flex_cell.av-5f88ef-ddbbe0e7881f3e8a437d0840854b2755{\npadding:0px 0px 0px 0px !important;\n}\n<\/style>\n<div class='flex_cell av-5f88ef-ddbbe0e7881f3e8a437d0840854b2755 av-gridrow-cell av_one_fourth no_margin  avia-builder-el-1  el_before_av_cell_one_fourth  avia-builder-el-first  av-zero-padding'  ><div class='flex_cell_inner'><\/div><\/div>\n<style type=\"text\/css\" data-created_by=\"avia_inline_auto\" id=\"style-css-av-57dhdz-e507ae2d6d5134cc6fb005db96130fdd\">\n.flex_cell.av-57dhdz-e507ae2d6d5134cc6fb005db96130fdd{\nvertical-align:top;\nheight:15px;\nmin-height:15px;\nbackground-color:#5f717d;\n}\n.responsive #top #wrap_all .flex_cell.av-57dhdz-e507ae2d6d5134cc6fb005db96130fdd{\npadding:0px 0px 0px 0px !important;\n}\n<\/style>\n<div class='flex_cell av-57dhdz-e507ae2d6d5134cc6fb005db96130fdd av-gridrow-cell av_one_fourth no_margin  avia-builder-el-2  el_after_av_cell_one_fourth  el_before_av_cell_one_fourth  av-zero-padding'  ><div class='flex_cell_inner'><\/div><\/div>\n<style type=\"text\/css\" data-created_by=\"avia_inline_auto\" id=\"style-css-av-4ztxxb-bc862c697a0a849b20b6e9449d71316e\">\n.flex_cell.av-4ztxxb-bc862c697a0a849b20b6e9449d71316e{\nvertical-align:top;\nheight:15px;\nmin-height:15px;\nbackground-color:#95a0a9;\n}\n.responsive #top #wrap_all .flex_cell.av-4ztxxb-bc862c697a0a849b20b6e9449d71316e{\npadding:0px 0px 0px 0px !important;\n}\n<\/style>\n<div class='flex_cell av-4ztxxb-bc862c697a0a849b20b6e9449d71316e av-gridrow-cell av_one_fourth no_margin  avia-builder-el-3  el_after_av_cell_one_fourth  el_before_av_cell_one_fourth  av-zero-padding'  ><div class='flex_cell_inner'><\/div><\/div>\n<style type=\"text\/css\" data-created_by=\"avia_inline_auto\" id=\"style-css-av-4vc2rj-727e162984efaf6b112e04352aeeff47\">\n.flex_cell.av-4vc2rj-727e162984efaf6b112e04352aeeff47{\nvertical-align:top;\nheight:15px;\nmin-height:15px;\nbackground-color:#cacfd4;\n}\n.responsive #top #wrap_all .flex_cell.av-4vc2rj-727e162984efaf6b112e04352aeeff47{\npadding:0px 0px 0px 0px !important;\n}\n<\/style>\n<div class='flex_cell av-4vc2rj-727e162984efaf6b112e04352aeeff47 av-gridrow-cell av_one_fourth no_margin  avia-builder-el-4  el_after_av_cell_one_fourth  avia-builder-el-last  av-zero-padding'  ><div class='flex_cell_inner'><\/div><\/div>\n<\/div>\n<div  class='av_gmaps_sc_main_wrap av_gmaps_main_wrap '><div id='av_gmap_0' class='avia-google-map-container avia-google-map-sc av_gmaps_show_unconditionally av-no-fallback-img ' data-mapid='av_gmap_0'  style='height: 500px;'><a class=\"av_gmaps_browser_disabled av_text_confirm_link av_text_confirm_link_visible\" href=\"https:\/\/www.google.com\/maps\/search\/?api=1&#038;query=Can%20Guilleumas%2017400%20Breda%20%20Spain\" target=\"_blank\" rel=\"noopener\">Les cartes ont \u00e9t\u00e9 d\u00e9sactiv\u00e9es par le visiteur sur ce site. Cliquer pour ouvrir la carte dans une nouvelle fen\u00eatre.<\/a><\/div><\/div>\n<div id='hello'  class='av-layout-grid-container av-4gj5kv-58c34dbea46a7161f51630f0eb017ae1 entry-content-wrapper main_color av-flex-cells  avia-builder-el-6  el_after_av_google_map  el_before_av_layout_row  grid-row-not-first  container_wrap sidebar_right'  >\n\n<style type=\"text\/css\" data-created_by=\"avia_inline_auto\" id=\"style-css-av-47t7vr-20b0104df4289a401a5928f38b416fd9\">\n.flex_cell.av-47t7vr-20b0104df4289a401a5928f38b416fd9{\nvertical-align:top;\n}\n.responsive #top #wrap_all .flex_cell.av-47t7vr-20b0104df4289a401a5928f38b416fd9{\npadding:100px 100px 100px 100px !important;\n}\n<\/style>\n<div class='flex_cell av-47t7vr-20b0104df4289a401a5928f38b416fd9 av-gridrow-cell av_two_fifth no_margin  avia-builder-el-7  el_before_av_cell_three_fifth  avia-builder-el-first '  ><div class='flex_cell_inner'><p>\n<style type=\"text\/css\" data-created_by=\"avia_inline_auto\" id=\"style-css-av-3zmkmn-f32386db2998bf27f386c105e1d79356\">\n#top .av-special-heading.av-3zmkmn-f32386db2998bf27f386c105e1d79356{\npadding-bottom:30px;\nfont-size:70px;\n}\nbody .av-special-heading.av-3zmkmn-f32386db2998bf27f386c105e1d79356 .av-special-heading-tag .heading-char{\nfont-size:25px;\n}\n#top #wrap_all .av-special-heading.av-3zmkmn-f32386db2998bf27f386c105e1d79356 .av-special-heading-tag{\nfont-size:70px;\n}\n.av-special-heading.av-3zmkmn-f32386db2998bf27f386c105e1d79356 .av-subheading{\nfont-size:15px;\n}\n\n@media only screen and (min-width: 480px) and (max-width: 767px){ \n#top #wrap_all .av-special-heading.av-3zmkmn-f32386db2998bf27f386c105e1d79356 .av-special-heading-tag{\nfont-size:0.8em;\n}\n}\n\n@media only screen and (max-width: 479px){ \n#top #wrap_all .av-special-heading.av-3zmkmn-f32386db2998bf27f386c105e1d79356 .av-special-heading-tag{\nfont-size:0.8em;\n}\n}\n<\/style>\n<div  class='av-special-heading av-3zmkmn-f32386db2998bf27f386c105e1d79356 av-special-heading-h1 blockquote modern-quote  avia-builder-el-8  el_before_av_textblock  avia-builder-el-first  av-inherit-size'><h1 class='av-special-heading-tag '  itemprop=\"headline\"  >H\u00e9ritage <u>naturel<\/u><\/h1><div class=\"special-heading-border\"><div class=\"special-heading-inner-border\"><\/div><\/div><\/div><br \/>\n<section  class='av_textblock_section av-3xgj7r-afa985a922c16d529447dcc97c636d42 '   itemscope=\"itemscope\" itemtype=\"https:\/\/schema.org\/CreativeWork\" ><div class='avia_textblock'  itemprop=\"text\" ><p>Si vous le souhaitez, vous pouvez remplir le formulaire suivant et nous vous contacterons dans les plus brefs d\u00e9lais.<\/p>\n<p><strong>Nos installations sont \u00e0 :<\/strong><\/p>\n<blockquote>\n<p>Ctra. C-35 km 64<br \/>\n17404. Riells i Viabrea, Girona<\/p>\n<p>Pol\u00edgono Industrial Can\u00a0 Guilleumas s\/n<br \/>\n17400. Breda, Girona<strong><br \/>\n<\/strong><\/p>\n<\/blockquote>\n<p>Vous pouvez \u00e9galement nous contacter par e-mail ou par t\u00e9l\u00e9phone :<\/p>\n<\/div><\/section><br \/>\n\n<style type=\"text\/css\" data-created_by=\"avia_inline_auto\" id=\"style-css-av-3nlq2f-52ec76b3ac927fec30df3421e48ec6de\">\n#top .hr.hr-invisible.av-3nlq2f-52ec76b3ac927fec30df3421e48ec6de{\nheight:20px;\n}\n<\/style>\n<div  class='hr av-3nlq2f-52ec76b3ac927fec30df3421e48ec6de hr-invisible  avia-builder-el-10  el_after_av_textblock  el_before_av_textblock '><span class='hr-inner '><span class=\"hr-inner-style\"><\/span><\/span><\/div><br \/>\n\n<style type=\"text\/css\" data-created_by=\"avia_inline_auto\" id=\"style-css-av-3mu15j-681a3c6e3067153865d07bc5eb5ed04b\">\n#top .av_textblock_section.av-3mu15j-681a3c6e3067153865d07bc5eb5ed04b .avia_textblock{\nfont-size:29px;\n}\n<\/style>\n<section  class='av_textblock_section av-3mu15j-681a3c6e3067153865d07bc5eb5ed04b '   itemscope=\"itemscope\" itemtype=\"https:\/\/schema.org\/CreativeWork\" ><div class='avia_textblock'  itemprop=\"text\" ><p><a href=\"mailto:info@alaida.es\">info@alaida.es<\/a><br \/>\n935 540 733 | 935 041 051<\/p>\n<\/div><\/section><\/p>\n<\/div><\/div>\n<style type=\"text\/css\" data-created_by=\"avia_inline_auto\" id=\"style-css-av-3djv27-411b1a0134bca62ec7b11e2d030f8f76\">\n.flex_cell.av-3djv27-411b1a0134bca62ec7b11e2d030f8f76{\nvertical-align:top;\nbackground-color:#2a4152;\n}\n.responsive #top #wrap_all .flex_cell.av-3djv27-411b1a0134bca62ec7b11e2d030f8f76{\npadding:50px 50px 50px 50px !important;\n}\n<\/style>\n<div class='flex_cell av-3djv27-411b1a0134bca62ec7b11e2d030f8f76 av-gridrow-cell av_three_fifth no_margin  avia-builder-el-12  el_after_av_cell_two_fifth  avia-builder-el-last  avia-full-stretch'  ><div class='flex_cell_inner'>\n<style type=\"text\/css\" data-created_by=\"avia_inline_auto\" id=\"style-css-av-384bpj-a07ac1d03772eb51bbfe8fca38f19fcb\">\n.flex_column.av-384bpj-a07ac1d03772eb51bbfe8fca38f19fcb{\nborder-radius:0px 0px 0px 0px;\npadding:50px 50px 50px 50px;\nbackground-color:#ffffff;\n}\n<\/style>\n<div  class='flex_column av-384bpj-a07ac1d03772eb51bbfe8fca38f19fcb av_one_full  avia-builder-el-13  avia-builder-el-no-sibling  first flex_column_div avia-full-contain  '     ><form action=\"https:\/\/alaida-urnas.es\/fr\/contact\/\" method=\"post\" data-fields-with-error=\"Erreurs trouv\u00e9es dans les champs suivants :\" class=\"avia_ajax_form av-form-labels-visible   avia-builder-el-14  avia-builder-el-no-sibling   \" data-avia-form-id=\"1\" data-avia-redirect='' ><fieldset><p class='  first_form  form_element form_element_half' id='element_avia_1_1'><label for=\"avia_1_1\">Nom <abbr class=\"required\" title=\"requis(e)\">*<\/abbr><\/label> <input name=\"avia_1_1\" class=\"text_input is_empty\" type=\"text\" id=\"avia_1_1\" value=\"\" \/><\/p><p class='  form_element form_element_half' id='element_avia_2_1'><label for=\"avia_2_1\">E-Mail <abbr class=\"required\" title=\"requis(e)\">*<\/abbr><\/label> <input name=\"avia_2_1\" class=\"text_input is_email\" type=\"text\" id=\"avia_2_1\" value=\"\" \/><\/p><p class='  first_form  form_element form_fullwidth' id='element_avia_3_1'><label for=\"avia_3_1\">Mati\u00e8re <abbr class=\"required\" title=\"requis(e)\">*<\/abbr><\/label> <input name=\"avia_3_1\" class=\"text_input is_empty\" type=\"text\" id=\"avia_3_1\" value=\"\" \/><\/p><p class='  first_form  form_element form_fullwidth' id='element_avia_4_1'><label for=\"avia_4_1\" class=\"textare_label hidden textare_label_avia_4_1\">Corps <abbr class=\"required\" title=\"requis(e)\">*<\/abbr><\/label><textarea  name=\"avia_4_1\" class=\"text_area is_empty\" cols=\"40\" rows=\"7\" id=\"avia_4_1\" ><\/textarea><\/p><p class=\"hidden\"><input type=\"text\" name=\"avia_5_1\" class=\"hidden \" id=\"avia_5_1\" value=\"\" \/><\/p><div id='avia_6_1' class='av-recaptcha-area  first_form  form_element form_fullwidth '  data-container_class=\"\" data-custom_class=\"\" data-context=\"av_contact_form\" data-token_input=\"av_recaptcha_token\" data-version=\"avia_recaptcha_v2\" data-theme=\"light\" data-size=\"normal\" data-score=\"0.5\" data-text_to_preview=\"\" data-value=\"\"><div class=\"av-google-badge-message hidden\">Ce site est prot\u00e9g\u00e9 par reCAPTCHA et la <a href=\"https:\/\/policies.google.com\/privacy\">politique de confidentialit\u00e9<\/a> de Google et <a href=\"https:\/\/policies.google.com\/terms\">leur conditions d\u2019utilisation<\/a> s\u2019appliquent.<\/div><\/div><p class=\"form_element \"><input type=\"hidden\" value=\"1\" name=\"avia_generated_form1\" \/><input type=\"submit\" value=\"Envoyer\" class=\"button\"  data-sending-label=\"Envoi\"\/><\/p><\/fieldset><div class=\"avia-disabled-form\">Ce formulaire est d\u00e9sactiv\u00e9 dans la mesure o\u00f9 vous refusez d\u2019accepter le service Google reCAPTCHA n\u00e9cessaire pour valider toute exp\u00e9dition de message depuis celui-ci.<\/div><\/form><div id=\"ajaxresponse_1\" class=\"ajaxresponse ajaxresponse_1 hidden\"><\/div><\/div>\n<\/div><\/div><\/div><div id='welcome'  class='av-layout-grid-container av-2a7tfr-72429863008a8264cc8c0545c39173b7 entry-content-wrapper main_color av-fixed-cells  avia-builder-el-15  el_after_av_layout_row  el_before_av_section  grid-row-not-first  container_wrap sidebar_right'  >\n\n<style type=\"text\/css\" data-created_by=\"avia_inline_auto\" id=\"style-css-av-24nstj-23c94d3a50a9669cb7c2ce2af00d1d16\">\n.flex_cell.av-24nstj-23c94d3a50a9669cb7c2ce2af00d1d16{\nvertical-align:top;\nheight:15px;\nmin-height:15px;\nbackground-color:#2a4152;\n}\n.responsive #top #wrap_all .flex_cell.av-24nstj-23c94d3a50a9669cb7c2ce2af00d1d16{\npadding:0px 0px 0px 0px !important;\n}\n<\/style>\n<div class='flex_cell av-24nstj-23c94d3a50a9669cb7c2ce2af00d1d16 av-gridrow-cell av_one_fourth no_margin  avia-builder-el-16  el_before_av_cell_one_fourth  avia-builder-el-first  av-zero-padding'  ><div class='flex_cell_inner'><\/div><\/div>\n<style type=\"text\/css\" data-created_by=\"avia_inline_auto\" id=\"style-css-av-1wcsxj-a84484fd04b858aac7085c89e57dacb5\">\n.flex_cell.av-1wcsxj-a84484fd04b858aac7085c89e57dacb5{\nvertical-align:top;\nheight:15px;\nmin-height:15px;\nbackground-color:#5f717d;\n}\n.responsive #top #wrap_all .flex_cell.av-1wcsxj-a84484fd04b858aac7085c89e57dacb5{\npadding:0px 0px 0px 0px !important;\n}\n<\/style>\n<div class='flex_cell av-1wcsxj-a84484fd04b858aac7085c89e57dacb5 av-gridrow-cell av_one_fourth no_margin  avia-builder-el-17  el_after_av_cell_one_fourth  el_before_av_cell_one_fourth  av-zero-padding'  ><div class='flex_cell_inner'><\/div><\/div>\n<style type=\"text\/css\" data-created_by=\"avia_inline_auto\" id=\"style-css-av-1r8yvj-113beb580df17cb3982ca445c5aae1b9\">\n.flex_cell.av-1r8yvj-113beb580df17cb3982ca445c5aae1b9{\nvertical-align:top;\nheight:15px;\nmin-height:15px;\nbackground-color:#95a0a9;\n}\n.responsive #top #wrap_all .flex_cell.av-1r8yvj-113beb580df17cb3982ca445c5aae1b9{\npadding:0px 0px 0px 0px !important;\n}\n<\/style>\n<div class='flex_cell av-1r8yvj-113beb580df17cb3982ca445c5aae1b9 av-gridrow-cell av_one_fourth no_margin  avia-builder-el-18  el_after_av_cell_one_fourth  el_before_av_cell_one_fourth  av-zero-padding'  ><div class='flex_cell_inner'><\/div><\/div>\n<style type=\"text\/css\" data-created_by=\"avia_inline_auto\" id=\"style-css-av-1jwmo7-ad1db307bfaab568a7eed9a3457f8695\">\n.flex_cell.av-1jwmo7-ad1db307bfaab568a7eed9a3457f8695{\nvertical-align:top;\nheight:15px;\nmin-height:15px;\nbackground-color:#cacfd4;\n}\n.responsive #top #wrap_all .flex_cell.av-1jwmo7-ad1db307bfaab568a7eed9a3457f8695{\npadding:0px 0px 0px 0px !important;\n}\n<\/style>\n<div class='flex_cell av-1jwmo7-ad1db307bfaab568a7eed9a3457f8695 av-gridrow-cell av_one_fourth no_margin  avia-builder-el-19  el_after_av_cell_one_fourth  avia-builder-el-last  av-zero-padding'  ><div class='flex_cell_inner'><\/div><\/div>\n<\/div><\/p>\n\n<style type=\"text\/css\" data-created_by=\"avia_inline_auto\" id=\"style-css-av-1gg89z-dc25bd6edb46c26f81ef5cbbe8c34350\">\n.avia-section.av-1gg89z-dc25bd6edb46c26f81ef5cbbe8c34350{\nbackground-repeat:no-repeat;\nbackground-image:url(https:\/\/alaida-urnas.es\/wp-content\/uploads\/2022\/03\/contact.jpg);\nbackground-position:50% 50%;\nbackground-attachment:fixed;\n}\n.avia-section.av-1gg89z-dc25bd6edb46c26f81ef5cbbe8c34350 .av-section-color-overlay{\nopacity:0.8;\nbackground-color:#000000;\n}\n<\/style>\n<div id='av_section_1'  class='avia-section av-1gg89z-dc25bd6edb46c26f81ef5cbbe8c34350 alternate_color avia-section-huge avia-no-border-styling  avia-builder-el-20  el_after_av_layout_row  avia-builder-el-last  avia-full-stretch avia-bg-style-fixed av-section-color-overlay-active container_wrap sidebar_right'  data-section-bg-repeat='stretch'><div class=\"av-section-color-overlay-wrap\"><div class=\"av-section-color-overlay\"><\/div><div class='container av-section-cont-open' ><div class='template-page content  av-content-small alpha units'><div class='post-entry post-entry-type-page post-entry-967'><div class='entry-content-wrapper clearfix'>\n\n<style type=\"text\/css\" data-created_by=\"avia_inline_auto\" id=\"style-css-av-1atpdr-c0bce5734df91cb89d22f82977ebdebc\">\n.flex_column.av-1atpdr-c0bce5734df91cb89d22f82977ebdebc{\nborder-radius:0px 0px 0px 0px;\npadding:0px 0px 0px 0px;\n}\n<\/style>\n<div  class='flex_column av-1atpdr-c0bce5734df91cb89d22f82977ebdebc av_one_fifth  avia-builder-el-21  el_before_av_three_fifth  avia-builder-el-first  first flex_column_div av-zero-column-padding  '     ><\/div>\n<style type=\"text\/css\" data-created_by=\"avia_inline_auto\" id=\"style-css-av-13e9an-922b1dae34463a44e1564e32606d6574\">\n.flex_column.av-13e9an-922b1dae34463a44e1564e32606d6574{\nborder-radius:0px 0px 0px 0px;\npadding:0px 0px 0px 0px;\n}\n<\/style>\n<div  class='flex_column av-13e9an-922b1dae34463a44e1564e32606d6574 av_three_fifth  avia-builder-el-22  el_after_av_one_fifth  el_before_av_one_fifth  flex_column_div av-zero-column-padding  '     ><p>\n<style type=\"text\/css\" data-created_by=\"avia_inline_auto\" id=\"style-css-av-yitpj-df5c8416ef0edd9d9897cebff866056c\">\n#top .av-special-heading.av-yitpj-df5c8416ef0edd9d9897cebff866056c{\npadding-bottom:20px;\nfont-size:50px;\n}\nbody .av-special-heading.av-yitpj-df5c8416ef0edd9d9897cebff866056c .av-special-heading-tag .heading-char{\nfont-size:25px;\n}\n#top #wrap_all .av-special-heading.av-yitpj-df5c8416ef0edd9d9897cebff866056c .av-special-heading-tag{\nfont-size:50px;\n}\n.av-special-heading.av-yitpj-df5c8416ef0edd9d9897cebff866056c .av-subheading{\nfont-size:15px;\n}\n\n@media only screen and (min-width: 480px) and (max-width: 767px){ \n#top #wrap_all .av-special-heading.av-yitpj-df5c8416ef0edd9d9897cebff866056c .av-special-heading-tag{\nfont-size:0.8em;\n}\n}\n\n@media only screen and (max-width: 479px){ \n#top #wrap_all .av-special-heading.av-yitpj-df5c8416ef0edd9d9897cebff866056c .av-special-heading-tag{\nfont-size:0.8em;\n}\n}\n<\/style>\n<div  class='av-special-heading av-yitpj-df5c8416ef0edd9d9897cebff866056c av-special-heading-h1 blockquote modern-quote modern-centered  avia-builder-el-23  el_before_av_textblock  avia-builder-el-first  av-inherit-size'><h1 class='av-special-heading-tag '  itemprop=\"headline\"  >Check out my services<\/h1><div class=\"special-heading-border\"><div class=\"special-heading-inner-border\"><\/div><\/div><\/div><br \/>\n<section  class='av_textblock_section av-tky5r-5ec95b1c54deb04e79e817055e70e6bc '   itemscope=\"itemscope\" itemtype=\"https:\/\/schema.org\/CreativeWork\" ><div class='avia_textblock'  itemprop=\"text\" ><p style=\"text-align: center;\">Lorem ipsum dolor sit amet, consectetuer adipiscing elit. Aenean commodo ligula eget dolor. Aenean massa. Cum sociis natoque penatibus et magnis dis parturient montes, nascetur ridiculus mus. Donec quam felis, ultricies nec, pellentesque eu.<\/p>\n<\/div><\/section><br \/>\n\n<style type=\"text\/css\" data-created_by=\"avia_inline_auto\" id=\"style-css-av-j9ri7-a9454ed5d66db425f1d5f6352e182021\">\n#top .hr.hr-invisible.av-j9ri7-a9454ed5d66db425f1d5f6352e182021{\nheight:20px;\n}\n<\/style>\n<div  class='hr av-j9ri7-a9454ed5d66db425f1d5f6352e182021 hr-invisible  avia-builder-el-25  el_after_av_textblock  el_before_av_button '><span class='hr-inner '><span class=\"hr-inner-style\"><\/span><\/span><\/div><br \/>\n<div  class='avia-button-wrap av-h89o7-62d51db5e6ebb974f3ef690fbe925f9b-wrap avia-button-center  avia-builder-el-26  el_after_av_hr  avia-builder-el-last '><a href='https:\/\/alaida-urnas.es\/services\/'  class='avia-button av-h89o7-62d51db5e6ebb974f3ef690fbe925f9b av-link-btn avia-icon_select-yes-right-icon avia-size-large avia-position-center av-icon-on-hover avia-color-light'   aria-label=\"What I can do for you\"><span class='avia_iconbox_title' >What I can do for you<\/span><span class='avia_button_icon avia_button_icon_right' aria-hidden='true' data-av_icon='\ue879' data-av_iconfont='entypo-fontello'><\/span><\/a><\/div><\/p><\/div>\n<style type=\"text\/css\" data-created_by=\"avia_inline_auto\" id=\"style-css-av-8rw3z-2dacabb9c0e552b3157601daf17f5e84\">\n.flex_column.av-8rw3z-2dacabb9c0e552b3157601daf17f5e84{\nborder-radius:0px 0px 0px 0px;\npadding:0px 0px 0px 0px;\n}\n<\/style>\n<div  class='flex_column av-8rw3z-2dacabb9c0e552b3157601daf17f5e84 av_one_fifth  avia-builder-el-27  el_after_av_three_fifth  avia-builder-el-last  flex_column_div av-zero-column-padding  '     ><\/div>\n<\/div><\/div><\/div><!-- close content main div --><\/div><\/div><\/div><div id='after_section_1'  class='main_color av_default_container_wrap container_wrap sidebar_right'  ><div class='container av-section-cont-open' ><div class='template-page content  av-content-small alpha units'><div class='post-entry post-entry-type-page post-entry-967'><div class='entry-content-wrapper clearfix'>\n","protected":false},"excerpt":{"rendered":"","protected":false},"author":1,"featured_media":0,"parent":0,"menu_order":0,"comment_status":"closed","ping_status":"closed","template":"","meta":{"footnotes":""},"class_list":["post-967","page","type-page","status-publish","hentry"],"yoast_head":"<!-- This site is optimized with the Yoast SEO plugin v27.3 - https:\/\/yoast.com\/product\/yoast-seo-wordpress\/ -->\n<title>Contact - My CMS<\/title>\n<meta name=\"robots\" content=\"index, follow, max-snippet:-1, max-image-preview:large, max-video-preview:-1\" \/>\n<link rel=\"canonical\" href=\"https:\/\/alaida-urnas.es\/fr\/contact\/\" \/>\n<meta property=\"og:locale\" content=\"fr_FR\" \/>\n<meta property=\"og:type\" content=\"article\" \/>\n<meta property=\"og:title\" content=\"Contact - My CMS\" \/>\n<meta property=\"og:url\" content=\"https:\/\/alaida-urnas.es\/fr\/contact\/\" \/>\n<meta property=\"og:site_name\" content=\"My CMS\" \/>\n<meta property=\"article:modified_time\" content=\"2024-03-27T13:45:58+00:00\" \/>\n<meta name=\"twitter:card\" content=\"summary_large_image\" \/>\n<meta name=\"twitter:label1\" content=\"Dur\u00e9e de lecture estim\u00e9e\" \/>\n\t<meta name=\"twitter:data1\" content=\"1 minute\" \/>\n<script type=\"application\/ld+json\" class=\"yoast-schema-graph\">{\"@context\":\"https:\\\/\\\/schema.org\",\"@graph\":[{\"@type\":\"WebPage\",\"@id\":\"https:\\\/\\\/alaida-urnas.es\\\/fr\\\/contact\\\/\",\"url\":\"https:\\\/\\\/alaida-urnas.es\\\/fr\\\/contact\\\/\",\"name\":\"Contact - My CMS\",\"isPartOf\":{\"@id\":\"https:\\\/\\\/alaida-urnas.es\\\/fr\\\/#website\"},\"datePublished\":\"2016-05-23T10:30:24+00:00\",\"dateModified\":\"2024-03-27T13:45:58+00:00\",\"breadcrumb\":{\"@id\":\"https:\\\/\\\/alaida-urnas.es\\\/fr\\\/contact\\\/#breadcrumb\"},\"inLanguage\":\"fr-FR\",\"potentialAction\":[{\"@type\":\"ReadAction\",\"target\":[\"https:\\\/\\\/alaida-urnas.es\\\/fr\\\/contact\\\/\"]}]},{\"@type\":\"BreadcrumbList\",\"@id\":\"https:\\\/\\\/alaida-urnas.es\\\/fr\\\/contact\\\/#breadcrumb\",\"itemListElement\":[{\"@type\":\"ListItem\",\"position\":1,\"name\":\"Home\",\"item\":\"https:\\\/\\\/alaida-urnas.es\\\/fr\\\/home\\\/\"},{\"@type\":\"ListItem\",\"position\":2,\"name\":\"Contact\"}]},{\"@type\":\"WebSite\",\"@id\":\"https:\\\/\\\/alaida-urnas.es\\\/fr\\\/#website\",\"url\":\"https:\\\/\\\/alaida-urnas.es\\\/fr\\\/\",\"name\":\"My CMS\",\"description\":\"Tanto la vida como la muerte son partes de un mismo ciclo,  de un trayecto vital en busca de equilibrio natural.\",\"publisher\":{\"@id\":\"https:\\\/\\\/alaida-urnas.es\\\/fr\\\/#organization\"},\"potentialAction\":[{\"@type\":\"SearchAction\",\"target\":{\"@type\":\"EntryPoint\",\"urlTemplate\":\"https:\\\/\\\/alaida-urnas.es\\\/fr\\\/?s={search_term_string}\"},\"query-input\":{\"@type\":\"PropertyValueSpecification\",\"valueRequired\":true,\"valueName\":\"search_term_string\"}}],\"inLanguage\":\"fr-FR\"},{\"@type\":\"Organization\",\"@id\":\"https:\\\/\\\/alaida-urnas.es\\\/fr\\\/#organization\",\"name\":\"Alaida, legado natural\",\"url\":\"https:\\\/\\\/alaida-urnas.es\\\/fr\\\/\",\"logo\":{\"@type\":\"ImageObject\",\"inLanguage\":\"fr-FR\",\"@id\":\"https:\\\/\\\/alaida-urnas.es\\\/fr\\\/#\\\/schema\\\/logo\\\/image\\\/\",\"url\":\"https:\\\/\\\/alaida-urnas.es\\\/wp-content\\\/uploads\\\/2022\\\/03\\\/alaida_logo.png\",\"contentUrl\":\"https:\\\/\\\/alaida-urnas.es\\\/wp-content\\\/uploads\\\/2022\\\/03\\\/alaida_logo.png\",\"width\":841,\"height\":385,\"caption\":\"Alaida, legado natural\"},\"image\":{\"@id\":\"https:\\\/\\\/alaida-urnas.es\\\/fr\\\/#\\\/schema\\\/logo\\\/image\\\/\"}}]}<\/script>\n<!-- \/ Yoast SEO plugin. -->","yoast_head_json":{"title":"Contact - My CMS","robots":{"index":"index","follow":"follow","max-snippet":"max-snippet:-1","max-image-preview":"max-image-preview:large","max-video-preview":"max-video-preview:-1"},"canonical":"https:\/\/alaida-urnas.es\/fr\/contact\/","og_locale":"fr_FR","og_type":"article","og_title":"Contact - My CMS","og_url":"https:\/\/alaida-urnas.es\/fr\/contact\/","og_site_name":"My CMS","article_modified_time":"2024-03-27T13:45:58+00:00","twitter_card":"summary_large_image","twitter_misc":{"Dur\u00e9e de lecture estim\u00e9e":"1 minute"},"schema":{"@context":"https:\/\/schema.org","@graph":[{"@type":"WebPage","@id":"https:\/\/alaida-urnas.es\/fr\/contact\/","url":"https:\/\/alaida-urnas.es\/fr\/contact\/","name":"Contact - My CMS","isPartOf":{"@id":"https:\/\/alaida-urnas.es\/fr\/#website"},"datePublished":"2016-05-23T10:30:24+00:00","dateModified":"2024-03-27T13:45:58+00:00","breadcrumb":{"@id":"https:\/\/alaida-urnas.es\/fr\/contact\/#breadcrumb"},"inLanguage":"fr-FR","potentialAction":[{"@type":"ReadAction","target":["https:\/\/alaida-urnas.es\/fr\/contact\/"]}]},{"@type":"BreadcrumbList","@id":"https:\/\/alaida-urnas.es\/fr\/contact\/#breadcrumb","itemListElement":[{"@type":"ListItem","position":1,"name":"Home","item":"https:\/\/alaida-urnas.es\/fr\/home\/"},{"@type":"ListItem","position":2,"name":"Contact"}]},{"@type":"WebSite","@id":"https:\/\/alaida-urnas.es\/fr\/#website","url":"https:\/\/alaida-urnas.es\/fr\/","name":"My CMS","description":"Tanto la vida como la muerte son partes de un mismo ciclo,  de un trayecto vital en busca de equilibrio natural.","publisher":{"@id":"https:\/\/alaida-urnas.es\/fr\/#organization"},"potentialAction":[{"@type":"SearchAction","target":{"@type":"EntryPoint","urlTemplate":"https:\/\/alaida-urnas.es\/fr\/?s={search_term_string}"},"query-input":{"@type":"PropertyValueSpecification","valueRequired":true,"valueName":"search_term_string"}}],"inLanguage":"fr-FR"},{"@type":"Organization","@id":"https:\/\/alaida-urnas.es\/fr\/#organization","name":"Alaida, legado natural","url":"https:\/\/alaida-urnas.es\/fr\/","logo":{"@type":"ImageObject","inLanguage":"fr-FR","@id":"https:\/\/alaida-urnas.es\/fr\/#\/schema\/logo\/image\/","url":"https:\/\/alaida-urnas.es\/wp-content\/uploads\/2022\/03\/alaida_logo.png","contentUrl":"https:\/\/alaida-urnas.es\/wp-content\/uploads\/2022\/03\/alaida_logo.png","width":841,"height":385,"caption":"Alaida, legado natural"},"image":{"@id":"https:\/\/alaida-urnas.es\/fr\/#\/schema\/logo\/image\/"}}]}},"_links":{"self":[{"href":"https:\/\/alaida-urnas.es\/fr\/wp-json\/wp\/v2\/pages\/967","targetHints":{"allow":["GET"]}}],"collection":[{"href":"https:\/\/alaida-urnas.es\/fr\/wp-json\/wp\/v2\/pages"}],"about":[{"href":"https:\/\/alaida-urnas.es\/fr\/wp-json\/wp\/v2\/types\/page"}],"author":[{"embeddable":true,"href":"https:\/\/alaida-urnas.es\/fr\/wp-json\/wp\/v2\/users\/1"}],"replies":[{"embeddable":true,"href":"https:\/\/alaida-urnas.es\/fr\/wp-json\/wp\/v2\/comments?post=967"}],"version-history":[{"count":0,"href":"https:\/\/alaida-urnas.es\/fr\/wp-json\/wp\/v2\/pages\/967\/revisions"}],"wp:attachment":[{"href":"https:\/\/alaida-urnas.es\/fr\/wp-json\/wp\/v2\/media?parent=967"}],"curies":[{"name":"wp","href":"https:\/\/api.w.org\/{rel}","templated":true}]}}