{"id":999,"date":"2016-05-23T10:30:12","date_gmt":"2016-05-23T10:30:12","guid":{"rendered":"https:\/\/new.alaida-urnas.es\/?page_id=999"},"modified":"2022-05-30T18:08:43","modified_gmt":"2022-05-30T18:08:43","slug":"workshop-lab","status":"publish","type":"page","link":"https:\/\/alaida-urnas.es\/fr\/workshop-lab\/","title":{"rendered":"Workshop LAB"},"content":{"rendered":"<div id='welcome'  class='av-layout-grid-container av-7wacx9-7ee05bf256266f2a021977b2ef2077bb entry-content-wrapper main_color av-fixed-cells  avia-builder-el-0  el_before_av_layout_row  avia-builder-el-first   container_wrap sidebar_right'  >\n\n<style type=\"text\/css\" data-created_by=\"avia_inline_auto\" id=\"style-css-av-7pr28t-4e74dbd0b0ef35e8efd7d4d5fff0163f\">\n.flex_cell.av-7pr28t-4e74dbd0b0ef35e8efd7d4d5fff0163f{\nvertical-align:top;\nheight:15px;\nmin-height:15px;\nbackground-color:#2a4152;\n}\n.responsive #top #wrap_all .flex_cell.av-7pr28t-4e74dbd0b0ef35e8efd7d4d5fff0163f{\npadding:0px 0px 0px 0px !important;\n}\n<\/style>\n<div class='flex_cell av-7pr28t-4e74dbd0b0ef35e8efd7d4d5fff0163f av-gridrow-cell av_one_fourth no_margin  avia-builder-el-1  el_before_av_cell_one_fourth  avia-builder-el-first  av-zero-padding'  ><div class='flex_cell_inner'><\/div><\/div>\n<style type=\"text\/css\" data-created_by=\"avia_inline_auto\" id=\"style-css-av-7luprx-279879d64c622e25b18ba7f4959abb0a\">\n.flex_cell.av-7luprx-279879d64c622e25b18ba7f4959abb0a{\nvertical-align:top;\nheight:15px;\nmin-height:15px;\nbackground-color:#5f717d;\n}\n.responsive #top #wrap_all .flex_cell.av-7luprx-279879d64c622e25b18ba7f4959abb0a{\npadding:0px 0px 0px 0px !important;\n}\n<\/style>\n<div class='flex_cell av-7luprx-279879d64c622e25b18ba7f4959abb0a av-gridrow-cell av_one_fourth no_margin  avia-builder-el-2  el_after_av_cell_one_fourth  el_before_av_cell_one_fourth  av-zero-padding'  ><div class='flex_cell_inner'><\/div><\/div>\n<style type=\"text\/css\" data-created_by=\"avia_inline_auto\" id=\"style-css-av-7aoy1h-14e8e6573d122d097a80d53e240329a8\">\n.flex_cell.av-7aoy1h-14e8e6573d122d097a80d53e240329a8{\nvertical-align:top;\nheight:15px;\nmin-height:15px;\nbackground-color:#95a0a9;\n}\n.responsive #top #wrap_all .flex_cell.av-7aoy1h-14e8e6573d122d097a80d53e240329a8{\npadding:0px 0px 0px 0px !important;\n}\n<\/style>\n<div class='flex_cell av-7aoy1h-14e8e6573d122d097a80d53e240329a8 av-gridrow-cell av_one_fourth no_margin  avia-builder-el-3  el_after_av_cell_one_fourth  el_before_av_cell_one_fourth  av-zero-padding'  ><div class='flex_cell_inner'><\/div><\/div>\n<style type=\"text\/css\" data-created_by=\"avia_inline_auto\" id=\"style-css-av-75nwal-958a7a8441dcfd2a8b7b9445feef5dd5\">\n.flex_cell.av-75nwal-958a7a8441dcfd2a8b7b9445feef5dd5{\nvertical-align:top;\nheight:15px;\nmin-height:15px;\nbackground-color:#cacfd4;\n}\n.responsive #top #wrap_all .flex_cell.av-75nwal-958a7a8441dcfd2a8b7b9445feef5dd5{\npadding:0px 0px 0px 0px !important;\n}\n<\/style>\n<div class='flex_cell av-75nwal-958a7a8441dcfd2a8b7b9445feef5dd5 av-gridrow-cell av_one_fourth no_margin  avia-builder-el-4  el_after_av_cell_one_fourth  avia-builder-el-last  av-zero-padding'  ><div class='flex_cell_inner'><\/div><\/div>\n<\/div>\n<div id='hello'  class='av-layout-grid-container av-pgisl-3460f9d1392375e9f26540facd8fd0d8 entry-content-wrapper main_color av-flex-cells  avia-builder-el-5  el_after_av_layout_row  el_before_av_layout_row  grid-row-not-first  container_wrap sidebar_right'  >\n\n<style type=\"text\/css\" data-created_by=\"avia_inline_auto\" id=\"style-css-av-6t0779-1a8962805aa79b4d6f978e036b7963d8\">\n.flex_cell.av-6t0779-1a8962805aa79b4d6f978e036b7963d8{\nvertical-align:top;\n}\n.responsive #top #wrap_all .flex_cell.av-6t0779-1a8962805aa79b4d6f978e036b7963d8{\npadding:100px 100px 100px 100px !important;\n}\n<\/style>\n<div class='flex_cell av-6t0779-1a8962805aa79b4d6f978e036b7963d8 av-gridrow-cell av_one_half no_margin  avia-builder-el-6  el_before_av_cell_one_half  avia-builder-el-first '  ><div class='flex_cell_inner'><p>\n<style type=\"text\/css\" data-created_by=\"avia_inline_auto\" id=\"style-css-av-6qcr8t-64225e36ca648cd610862068d46f0074\">\n#top .av-special-heading.av-6qcr8t-64225e36ca648cd610862068d46f0074{\npadding-bottom:30px;\nfont-size:70px;\n}\nbody .av-special-heading.av-6qcr8t-64225e36ca648cd610862068d46f0074 .av-special-heading-tag .heading-char{\nfont-size:25px;\n}\n#top #wrap_all .av-special-heading.av-6qcr8t-64225e36ca648cd610862068d46f0074 .av-special-heading-tag{\nfont-size:70px;\n}\n.av-special-heading.av-6qcr8t-64225e36ca648cd610862068d46f0074 .av-subheading{\nfont-size:15px;\n}\n\n@media only screen and (min-width: 480px) and (max-width: 767px){ \n#top #wrap_all .av-special-heading.av-6qcr8t-64225e36ca648cd610862068d46f0074 .av-special-heading-tag{\nfont-size:0.8em;\n}\n}\n\n@media only screen and (max-width: 479px){ \n#top #wrap_all .av-special-heading.av-6qcr8t-64225e36ca648cd610862068d46f0074 .av-special-heading-tag{\nfont-size:0.8em;\n}\n}\n<\/style>\n<div  class='av-special-heading av-6qcr8t-64225e36ca648cd610862068d46f0074 av-special-heading-h1 blockquote modern-quote  avia-builder-el-7  el_before_av_textblock  avia-builder-el-first  av-inherit-size'><h1 class='av-special-heading-tag '  itemprop=\"headline\"  >Alaida <u>workshop LAB<\/u><\/h1><div class=\"special-heading-border\"><div class=\"special-heading-inner-border\"><\/div><\/div><\/div><br \/>\n<section  class='av_textblock_section av-6lv9z1-ef36f4ffdfbea3c17b7dd71ec2d2604e '   itemscope=\"itemscope\" itemtype=\"https:\/\/schema.org\/CreativeWork\" ><div class='avia_textblock'  itemprop=\"text\" ><p>\u00c0 la fin du XX\u00e8me si\u00e8cle, le <strong>workshop<\/strong> <strong>lab<\/strong> d\u2019<strong>Alaida<\/strong> a cr\u00e9\u00e9 l\u2019urne biod\u00e9gradable et soluble : un concept jusqu\u2019alors inconnu.<\/p>\n<p>Chez Alaida, une nouvelle \u00e9tape d\u2019industrialisation des processus s\u2019est ouverte, pour garantir une plus grande innovation, d\u00e9velopper la production et garantir l\u2019efficacit\u00e9 et la qualit\u00e9.<\/p>\n<p>L\u2019augmentation de la production et l\u2019adaptation aux besoins sp\u00e9cifiques des march\u00e9s et des professionnels ont permis notre leadership.<\/p>\n<p>Chez <strong>Alaida<\/strong>, nous sommes anim\u00e9s de la conviction profonde de contribuer \u00e0 <strong>l\u2019h\u00e9ritage naturel<\/strong>, en fabriquant un produit 100% \u00e9cologique, de fa\u00e7on \u00e9cologique.<\/p>\n<\/div><\/section><br \/>\n\n<style type=\"text\/css\" data-created_by=\"avia_inline_auto\" id=\"style-css-av-6fa12t-eebe1d84b6445bcee453cd6b783a57f9\">\n#top .hr.hr-invisible.av-6fa12t-eebe1d84b6445bcee453cd6b783a57f9{\nheight:20px;\n}\n<\/style>\n<div  class='hr av-6fa12t-eebe1d84b6445bcee453cd6b783a57f9 hr-invisible  avia-builder-el-9  el_after_av_textblock  el_before_av_textblock '><span class='hr-inner '><span class=\"hr-inner-style\"><\/span><\/span><\/div><br \/>\n\n<style type=\"text\/css\" data-created_by=\"avia_inline_auto\" id=\"style-css-av-68ylkt-a6d9e64d99cbb399ae78d64856be236c\">\n#top .av_textblock_section.av-68ylkt-a6d9e64d99cbb399ae78d64856be236c .avia_textblock{\nfont-size:29px;\n}\n<\/style>\n<section  class='av_textblock_section av-68ylkt-a6d9e64d99cbb399ae78d64856be236c '   itemscope=\"itemscope\" itemtype=\"https:\/\/schema.org\/CreativeWork\" ><div class='avia_textblock'  itemprop=\"text\" ><p><span style=\"text-decoration: underline;\">Ce qui m\u00e9rite d\u2019\u00eatre fait, m\u00e9rite d\u2019\u00eatre bien fait<\/span><\/p>\n<\/div><\/section><\/p>\n<\/div><\/div>\n<style type=\"text\/css\" data-created_by=\"avia_inline_auto\" id=\"style-css-av-640c51-04da7493fb8f6696a26b97171e9dcaaf\">\n.flex_cell.av-640c51-04da7493fb8f6696a26b97171e9dcaaf{\nvertical-align:top;\nbackground:url(https:\/\/alaida-urnas.es\/wp-content\/uploads\/2022\/03\/DSC_0150-1030x687.jpg) 50% 50% no-repeat scroll #2a4152;\n}\n.responsive #top #wrap_all .flex_cell.av-640c51-04da7493fb8f6696a26b97171e9dcaaf{\npadding:100px 100px 100px 100px !important;\n}\n<\/style>\n<div class='flex_cell av-640c51-04da7493fb8f6696a26b97171e9dcaaf av-gridrow-cell av_one_half no_margin  avia-builder-el-11  el_after_av_cell_one_half  avia-builder-el-last  avia-full-stretch'  ><div class='flex_cell_inner'><\/div><\/div><\/div><div id='av-layout-grid-3'  class='av-layout-grid-container av-5v5gz1-628300f49d67333d713aadcfbf47c9b2 entry-content-wrapper main_color av-flex-cells  avia-builder-el-12  el_after_av_layout_row  el_before_av_layout_row  grid-row-not-first  container_wrap sidebar_right'  >\n\n<style type=\"text\/css\" data-created_by=\"avia_inline_auto\" id=\"style-css-av-5o83cl-00b68e48b81d0fd48c93b6b16b266c52\">\n.flex_cell.av-5o83cl-00b68e48b81d0fd48c93b6b16b266c52{\nvertical-align:middle;\nbackground:url(https:\/\/alaida-urnas.es\/wp-content\/uploads\/2022\/03\/3.1-1030x965.png) 100% 50% no-repeat scroll ;\n}\n.responsive #top #wrap_all .flex_cell.av-5o83cl-00b68e48b81d0fd48c93b6b16b266c52{\npadding:0px 0px 0px 0px !important;\n}\n<\/style>\n<div class='flex_cell av-5o83cl-00b68e48b81d0fd48c93b6b16b266c52 av-gridrow-cell av_one_half no_margin  avia-builder-el-13  el_before_av_cell_one_half  avia-builder-el-first  av-zero-padding avia-full-stretch'  ><div class='flex_cell_inner'><\/div><\/div>\n<style type=\"text\/css\" data-created_by=\"avia_inline_auto\" id=\"style-css-av-5hp5sd-48e1abf0078dbe3afe185c72b88987d1\">\n.flex_cell.av-5hp5sd-48e1abf0078dbe3afe185c72b88987d1{\nvertical-align:middle;\nbackground:url(https:\/\/alaida-urnas.es\/wp-content\/uploads\/2016\/05\/food-bg-3.jpg) 100% 100% no-repeat scroll ;\n}\n.responsive #top #wrap_all .flex_cell.av-5hp5sd-48e1abf0078dbe3afe185c72b88987d1{\npadding:100px 100px 100px 100px !important;\n}\n<\/style>\n<div class='flex_cell av-5hp5sd-48e1abf0078dbe3afe185c72b88987d1 av-gridrow-cell av_one_half no_margin  avia-builder-el-14  el_after_av_cell_one_half  avia-builder-el-last  avia-full-contain'  ><div class='flex_cell_inner'><p>\n<style type=\"text\/css\" data-created_by=\"avia_inline_auto\" id=\"style-css-av-5bh825-39ab56682b44ad157b6b0611a5f8732c\">\n#top .av-special-heading.av-5bh825-39ab56682b44ad157b6b0611a5f8732c{\npadding-bottom:20px;\nfont-size:50px;\n}\nbody .av-special-heading.av-5bh825-39ab56682b44ad157b6b0611a5f8732c .av-special-heading-tag .heading-char{\nfont-size:25px;\n}\n#top #wrap_all .av-special-heading.av-5bh825-39ab56682b44ad157b6b0611a5f8732c .av-special-heading-tag{\nfont-size:50px;\n}\n.av-special-heading.av-5bh825-39ab56682b44ad157b6b0611a5f8732c .av-subheading{\nfont-size:15px;\n}\n\n@media only screen and (min-width: 480px) and (max-width: 767px){ \n#top #wrap_all .av-special-heading.av-5bh825-39ab56682b44ad157b6b0611a5f8732c .av-special-heading-tag{\nfont-size:0.8em;\n}\n}\n\n@media only screen and (max-width: 479px){ \n#top #wrap_all .av-special-heading.av-5bh825-39ab56682b44ad157b6b0611a5f8732c .av-special-heading-tag{\nfont-size:0.8em;\n}\n}\n<\/style>\n<div  class='av-special-heading av-5bh825-39ab56682b44ad157b6b0611a5f8732c av-special-heading-h1 blockquote modern-quote  avia-builder-el-15  el_before_av_textblock  avia-builder-el-first  av-inherit-size'><h1 class='av-special-heading-tag '  itemprop=\"headline\"  ><u>Pour<\/u> nos clients<\/h1><div class=\"special-heading-border\"><div class=\"special-heading-inner-border\"><\/div><\/div><\/div><br \/>\n<section  class='av_textblock_section av-ind6d-31e664fed7055e88d4b45be84042abc0 '   itemscope=\"itemscope\" itemtype=\"https:\/\/schema.org\/CreativeWork\" ><div class='avia_textblock'  itemprop=\"text\" ><p>Nous ouvrons les portes de l\u2019<strong>Alaida workshop lab<\/strong> \u00e0 nos clients.<\/p>\n<p>Nous mettons \u00e0 leur disposition toute notre exp\u00e9rience en mati\u00e8re de conception et de fabrication pour faire \u00e9merger, ensemble, les projets des<br \/>\nprofessionnels du secteur.<\/p>\n<p>R\u00e9aliser des pi\u00e8ces uniques et sur mesure.<\/p>\n<\/div><\/section><\/p>\n<\/div><\/div><\/div><div id='welcome'  class='av-layout-grid-container av-53tyc5-867cc84eccbcee02c918d5bfc9896e3f entry-content-wrapper main_color av-fixed-cells  avia-builder-el-17  el_after_av_layout_row  avia-builder-el-last  grid-row-not-first  container_wrap sidebar_right'  >\n\n<style type=\"text\/css\" data-created_by=\"avia_inline_auto\" id=\"style-css-av-hq3n9-d7c69d3af7157c370873ab1f80b631b3\">\n.flex_cell.av-hq3n9-d7c69d3af7157c370873ab1f80b631b3{\nvertical-align:top;\nheight:15px;\nmin-height:15px;\nbackground-color:#2a4152;\n}\n.responsive #top #wrap_all .flex_cell.av-hq3n9-d7c69d3af7157c370873ab1f80b631b3{\npadding:0px 0px 0px 0px !important;\n}\n<\/style>\n<div class='flex_cell av-hq3n9-d7c69d3af7157c370873ab1f80b631b3 av-gridrow-cell av_one_fourth no_margin  avia-builder-el-18  el_before_av_cell_one_fourth  avia-builder-el-first  av-zero-padding'  ><div class='flex_cell_inner'><\/div><\/div>\n<style type=\"text\/css\" data-created_by=\"avia_inline_auto\" id=\"style-css-av-4pn6zp-6c4a2e0e929c3480a9821612845436f5\">\n.flex_cell.av-4pn6zp-6c4a2e0e929c3480a9821612845436f5{\nvertical-align:top;\nheight:15px;\nmin-height:15px;\nbackground-color:#5f717d;\n}\n.responsive #top #wrap_all .flex_cell.av-4pn6zp-6c4a2e0e929c3480a9821612845436f5{\npadding:0px 0px 0px 0px !important;\n}\n<\/style>\n<div class='flex_cell av-4pn6zp-6c4a2e0e929c3480a9821612845436f5 av-gridrow-cell av_one_fourth no_margin  avia-builder-el-19  el_after_av_cell_one_fourth  el_before_av_cell_one_fourth  av-zero-padding'  ><div class='flex_cell_inner'><\/div><\/div>\n<style type=\"text\/css\" data-created_by=\"avia_inline_auto\" id=\"style-css-av-4m7xhp-3dad9afa2d4789dfeb0a8806ff46bea0\">\n.flex_cell.av-4m7xhp-3dad9afa2d4789dfeb0a8806ff46bea0{\nvertical-align:top;\nheight:15px;\nmin-height:15px;\nbackground-color:#95a0a9;\n}\n.responsive #top #wrap_all .flex_cell.av-4m7xhp-3dad9afa2d4789dfeb0a8806ff46bea0{\npadding:0px 0px 0px 0px !important;\n}\n<\/style>\n<div class='flex_cell av-4m7xhp-3dad9afa2d4789dfeb0a8806ff46bea0 av-gridrow-cell av_one_fourth no_margin  avia-builder-el-20  el_after_av_cell_one_fourth  el_before_av_cell_one_fourth  av-zero-padding'  ><div class='flex_cell_inner'><\/div><\/div>\n<style type=\"text\/css\" data-created_by=\"avia_inline_auto\" id=\"style-css-av-4c0y2l-d15783f6a4235a2b16d6d2c06525943b\">\n.flex_cell.av-4c0y2l-d15783f6a4235a2b16d6d2c06525943b{\nvertical-align:top;\nheight:15px;\nmin-height:15px;\nbackground-color:#cacfd4;\n}\n.responsive #top #wrap_all .flex_cell.av-4c0y2l-d15783f6a4235a2b16d6d2c06525943b{\npadding:0px 0px 0px 0px !important;\n}\n<\/style>\n<div class='flex_cell av-4c0y2l-d15783f6a4235a2b16d6d2c06525943b av-gridrow-cell av_one_fourth no_margin  avia-builder-el-21  el_after_av_cell_one_fourth  avia-builder-el-last  av-zero-padding'  ><div class='flex_cell_inner'><\/div><\/div>\n<\/div><\/p>\n","protected":false},"excerpt":{"rendered":"","protected":false},"author":1,"featured_media":0,"parent":0,"menu_order":0,"comment_status":"closed","ping_status":"closed","template":"","meta":{"footnotes":""},"class_list":["post-999","page","type-page","status-publish","hentry"],"yoast_head":"<!-- This site is optimized with the Yoast SEO plugin v27.3 - https:\/\/yoast.com\/product\/yoast-seo-wordpress\/ -->\n<title>Workshop LAB - My CMS<\/title>\n<meta name=\"robots\" content=\"index, follow, max-snippet:-1, max-image-preview:large, max-video-preview:-1\" \/>\n<link rel=\"canonical\" href=\"https:\/\/alaida-urnas.es\/fr\/workshop-lab\/\" \/>\n<meta property=\"og:locale\" content=\"fr_FR\" \/>\n<meta property=\"og:type\" content=\"article\" \/>\n<meta property=\"og:title\" content=\"Workshop LAB - My CMS\" \/>\n<meta property=\"og:url\" content=\"https:\/\/alaida-urnas.es\/fr\/workshop-lab\/\" \/>\n<meta property=\"og:site_name\" content=\"My CMS\" \/>\n<meta property=\"article:modified_time\" content=\"2022-05-30T18:08:43+00:00\" \/>\n<meta name=\"twitter:card\" content=\"summary_large_image\" \/>\n<meta name=\"twitter:label1\" content=\"Dur\u00e9e de lecture estim\u00e9e\" \/>\n\t<meta name=\"twitter:data1\" content=\"3 minutes\" \/>\n<script type=\"application\/ld+json\" class=\"yoast-schema-graph\">{\"@context\":\"https:\\\/\\\/schema.org\",\"@graph\":[{\"@type\":\"WebPage\",\"@id\":\"https:\\\/\\\/alaida-urnas.es\\\/fr\\\/workshop-lab\\\/\",\"url\":\"https:\\\/\\\/alaida-urnas.es\\\/fr\\\/workshop-lab\\\/\",\"name\":\"Workshop LAB - My CMS\",\"isPartOf\":{\"@id\":\"https:\\\/\\\/alaida-urnas.es\\\/fr\\\/#website\"},\"datePublished\":\"2016-05-23T10:30:12+00:00\",\"dateModified\":\"2022-05-30T18:08:43+00:00\",\"breadcrumb\":{\"@id\":\"https:\\\/\\\/alaida-urnas.es\\\/fr\\\/workshop-lab\\\/#breadcrumb\"},\"inLanguage\":\"fr-FR\",\"potentialAction\":[{\"@type\":\"ReadAction\",\"target\":[\"https:\\\/\\\/alaida-urnas.es\\\/fr\\\/workshop-lab\\\/\"]}]},{\"@type\":\"BreadcrumbList\",\"@id\":\"https:\\\/\\\/alaida-urnas.es\\\/fr\\\/workshop-lab\\\/#breadcrumb\",\"itemListElement\":[{\"@type\":\"ListItem\",\"position\":1,\"name\":\"Home\",\"item\":\"https:\\\/\\\/alaida-urnas.es\\\/fr\\\/home\\\/\"},{\"@type\":\"ListItem\",\"position\":2,\"name\":\"Workshop LAB\"}]},{\"@type\":\"WebSite\",\"@id\":\"https:\\\/\\\/alaida-urnas.es\\\/fr\\\/#website\",\"url\":\"https:\\\/\\\/alaida-urnas.es\\\/fr\\\/\",\"name\":\"My CMS\",\"description\":\"Tanto la vida como la muerte son partes de un mismo ciclo,  de un trayecto vital en busca de equilibrio natural.\",\"publisher\":{\"@id\":\"https:\\\/\\\/alaida-urnas.es\\\/fr\\\/#organization\"},\"potentialAction\":[{\"@type\":\"SearchAction\",\"target\":{\"@type\":\"EntryPoint\",\"urlTemplate\":\"https:\\\/\\\/alaida-urnas.es\\\/fr\\\/?s={search_term_string}\"},\"query-input\":{\"@type\":\"PropertyValueSpecification\",\"valueRequired\":true,\"valueName\":\"search_term_string\"}}],\"inLanguage\":\"fr-FR\"},{\"@type\":\"Organization\",\"@id\":\"https:\\\/\\\/alaida-urnas.es\\\/fr\\\/#organization\",\"name\":\"Alaida, legado natural\",\"url\":\"https:\\\/\\\/alaida-urnas.es\\\/fr\\\/\",\"logo\":{\"@type\":\"ImageObject\",\"inLanguage\":\"fr-FR\",\"@id\":\"https:\\\/\\\/alaida-urnas.es\\\/fr\\\/#\\\/schema\\\/logo\\\/image\\\/\",\"url\":\"https:\\\/\\\/alaida-urnas.es\\\/wp-content\\\/uploads\\\/2022\\\/03\\\/alaida_logo.png\",\"contentUrl\":\"https:\\\/\\\/alaida-urnas.es\\\/wp-content\\\/uploads\\\/2022\\\/03\\\/alaida_logo.png\",\"width\":841,\"height\":385,\"caption\":\"Alaida, legado natural\"},\"image\":{\"@id\":\"https:\\\/\\\/alaida-urnas.es\\\/fr\\\/#\\\/schema\\\/logo\\\/image\\\/\"}}]}<\/script>\n<!-- \/ Yoast SEO plugin. -->","yoast_head_json":{"title":"Workshop LAB - My CMS","robots":{"index":"index","follow":"follow","max-snippet":"max-snippet:-1","max-image-preview":"max-image-preview:large","max-video-preview":"max-video-preview:-1"},"canonical":"https:\/\/alaida-urnas.es\/fr\/workshop-lab\/","og_locale":"fr_FR","og_type":"article","og_title":"Workshop LAB - My CMS","og_url":"https:\/\/alaida-urnas.es\/fr\/workshop-lab\/","og_site_name":"My CMS","article_modified_time":"2022-05-30T18:08:43+00:00","twitter_card":"summary_large_image","twitter_misc":{"Dur\u00e9e de lecture estim\u00e9e":"3 minutes"},"schema":{"@context":"https:\/\/schema.org","@graph":[{"@type":"WebPage","@id":"https:\/\/alaida-urnas.es\/fr\/workshop-lab\/","url":"https:\/\/alaida-urnas.es\/fr\/workshop-lab\/","name":"Workshop LAB - My CMS","isPartOf":{"@id":"https:\/\/alaida-urnas.es\/fr\/#website"},"datePublished":"2016-05-23T10:30:12+00:00","dateModified":"2022-05-30T18:08:43+00:00","breadcrumb":{"@id":"https:\/\/alaida-urnas.es\/fr\/workshop-lab\/#breadcrumb"},"inLanguage":"fr-FR","potentialAction":[{"@type":"ReadAction","target":["https:\/\/alaida-urnas.es\/fr\/workshop-lab\/"]}]},{"@type":"BreadcrumbList","@id":"https:\/\/alaida-urnas.es\/fr\/workshop-lab\/#breadcrumb","itemListElement":[{"@type":"ListItem","position":1,"name":"Home","item":"https:\/\/alaida-urnas.es\/fr\/home\/"},{"@type":"ListItem","position":2,"name":"Workshop LAB"}]},{"@type":"WebSite","@id":"https:\/\/alaida-urnas.es\/fr\/#website","url":"https:\/\/alaida-urnas.es\/fr\/","name":"My CMS","description":"Tanto la vida como la muerte son partes de un mismo ciclo,  de un trayecto vital en busca de equilibrio natural.","publisher":{"@id":"https:\/\/alaida-urnas.es\/fr\/#organization"},"potentialAction":[{"@type":"SearchAction","target":{"@type":"EntryPoint","urlTemplate":"https:\/\/alaida-urnas.es\/fr\/?s={search_term_string}"},"query-input":{"@type":"PropertyValueSpecification","valueRequired":true,"valueName":"search_term_string"}}],"inLanguage":"fr-FR"},{"@type":"Organization","@id":"https:\/\/alaida-urnas.es\/fr\/#organization","name":"Alaida, legado natural","url":"https:\/\/alaida-urnas.es\/fr\/","logo":{"@type":"ImageObject","inLanguage":"fr-FR","@id":"https:\/\/alaida-urnas.es\/fr\/#\/schema\/logo\/image\/","url":"https:\/\/alaida-urnas.es\/wp-content\/uploads\/2022\/03\/alaida_logo.png","contentUrl":"https:\/\/alaida-urnas.es\/wp-content\/uploads\/2022\/03\/alaida_logo.png","width":841,"height":385,"caption":"Alaida, legado natural"},"image":{"@id":"https:\/\/alaida-urnas.es\/fr\/#\/schema\/logo\/image\/"}}]}},"_links":{"self":[{"href":"https:\/\/alaida-urnas.es\/fr\/wp-json\/wp\/v2\/pages\/999","targetHints":{"allow":["GET"]}}],"collection":[{"href":"https:\/\/alaida-urnas.es\/fr\/wp-json\/wp\/v2\/pages"}],"about":[{"href":"https:\/\/alaida-urnas.es\/fr\/wp-json\/wp\/v2\/types\/page"}],"author":[{"embeddable":true,"href":"https:\/\/alaida-urnas.es\/fr\/wp-json\/wp\/v2\/users\/1"}],"replies":[{"embeddable":true,"href":"https:\/\/alaida-urnas.es\/fr\/wp-json\/wp\/v2\/comments?post=999"}],"version-history":[{"count":0,"href":"https:\/\/alaida-urnas.es\/fr\/wp-json\/wp\/v2\/pages\/999\/revisions"}],"wp:attachment":[{"href":"https:\/\/alaida-urnas.es\/fr\/wp-json\/wp\/v2\/media?parent=999"}],"curies":[{"name":"wp","href":"https:\/\/api.w.org\/{rel}","templated":true}]}}